{"id":111,"date":"2023-09-30T02:28:35","date_gmt":"2023-09-30T05:28:35","guid":{"rendered":"https:\/\/buenosvientos.com\/web\/?page_id=111"},"modified":"2023-11-04T03:01:00","modified_gmt":"2023-11-04T06:01:00","slug":"htd","status":"publish","type":"page","link":"https:\/\/buenosvientos.com\/web\/htd\/","title":{"rendered":"Honorable Tribunal Disciplinario"},"content":{"rendered":"\n<div class=\"wp-block-media-text alignwide is-stacked-on-mobile\"><figure class=\"wp-block-media-text__media\"><img fetchpriority=\"high\" decoding=\"async\" width=\"1024\" height=\"498\" src=\"https:\/\/buenosvientos.com\/web\/wp-content\/uploads\/2023\/09\/20230831_102648-1024x498.jpg\" alt=\"\" class=\"wp-image-28 size-full\" srcset=\"https:\/\/buenosvientos.com\/web\/wp-content\/uploads\/2023\/09\/20230831_102648-1024x498.jpg 1024w, https:\/\/buenosvientos.com\/web\/wp-content\/uploads\/2023\/09\/20230831_102648-300x146.jpg 300w, https:\/\/buenosvientos.com\/web\/wp-content\/uploads\/2023\/09\/20230831_102648-768x373.jpg 768w, https:\/\/buenosvientos.com\/web\/wp-content\/uploads\/2023\/09\/20230831_102648-1536x747.jpg 1536w, https:\/\/buenosvientos.com\/web\/wp-content\/uploads\/2023\/09\/20230831_102648-2048x996.jpg 2048w\" sizes=\"(max-width: 1024px) 100vw, 1024px\" \/><\/figure><div class=\"wp-block-media-text__content\">\n<p>Para el <strong><em>Honorable Tribunal Disciplinario de la Provincia de Santa Cruz <\/em><\/strong>realizamos un servicio de consultor\u00eda en producci\u00f3n audiosvisual, dise\u00f1o gr\u00e1fico y comunicaci\u00f3n.  <\/p>\n\n\n\n<p>Se realizaron tres jornadas de capacitaci\u00f3n en las ciudades de R\u00edo Gallegos, El Calafate y Caleta Olivia.  Para las mismas y el resto del proyecto nuestro trabajo abarc\u00f3 las siguiente \u00e1reas y actividades:<\/p>\n\n\n\n<ul class=\"wp-block-list\">\n<li>Grabaci\u00f3n completa y edici\u00f3n de cada jornada<\/li>\n\n\n\n<li>Producci\u00f3n integral de cada jornada<\/li>\n\n\n\n<li>Dise\u00f1o y confecci\u00f3n de piezas de promoci\u00f3n y comunicaci\u00f3n<\/li>\n\n\n\n<li>Dise\u00f1o gr\u00e1fico del digesto legal<\/li>\n\n\n\n<li>Dise\u00f1o gr\u00e1fico del libro hist\u00f3rico  <\/li>\n<\/ul>\n<\/div><\/div>\n\n\n\n<hr class=\"wp-block-separator has-alpha-channel-opacity is-style-wide\"\/>\n\n\n\n<figure class=\"wp-block-gallery alignwide has-nested-images columns-default is-cropped wp-block-gallery-1 is-layout-flex wp-block-gallery-is-layout-flex\">\n<figure class=\"wp-block-image size-large\"><a href=\"https:\/\/buenosvientos.com\/web\/wp-content\/uploads\/2023\/11\/HTD-jornadas-1.png\"><img decoding=\"async\" width=\"1024\" height=\"498\" data-id=\"441\" src=\"https:\/\/buenosvientos.com\/web\/wp-content\/uploads\/2023\/11\/HTD-jornadas-1-1024x498.png\" alt=\"\" class=\"wp-image-441\" srcset=\"https:\/\/buenosvientos.com\/web\/wp-content\/uploads\/2023\/11\/HTD-jornadas-1-1024x498.png 1024w, https:\/\/buenosvientos.com\/web\/wp-content\/uploads\/2023\/11\/HTD-jornadas-1-300x146.png 300w, https:\/\/buenosvientos.com\/web\/wp-content\/uploads\/2023\/11\/HTD-jornadas-1-768x373.png 768w, https:\/\/buenosvientos.com\/web\/wp-content\/uploads\/2023\/11\/HTD-jornadas-1-1536x747.png 1536w, https:\/\/buenosvientos.com\/web\/wp-content\/uploads\/2023\/11\/HTD-jornadas-1-2048x996.png 2048w\" sizes=\"(max-width: 1024px) 100vw, 1024px\" \/><\/a><\/figure>\n\n\n\n<figure class=\"wp-block-image size-large\"><a href=\"https:\/\/buenosvientos.com\/web\/wp-content\/uploads\/2023\/11\/HTD-jornadas-2.png\"><img decoding=\"async\" width=\"1024\" height=\"498\" data-id=\"440\" src=\"https:\/\/buenosvientos.com\/web\/wp-content\/uploads\/2023\/11\/HTD-jornadas-2-1024x498.png\" alt=\"\" class=\"wp-image-440\" srcset=\"https:\/\/buenosvientos.com\/web\/wp-content\/uploads\/2023\/11\/HTD-jornadas-2-1024x498.png 1024w, https:\/\/buenosvientos.com\/web\/wp-content\/uploads\/2023\/11\/HTD-jornadas-2-300x146.png 300w, https:\/\/buenosvientos.com\/web\/wp-content\/uploads\/2023\/11\/HTD-jornadas-2-768x373.png 768w, https:\/\/buenosvientos.com\/web\/wp-content\/uploads\/2023\/11\/HTD-jornadas-2-1536x747.png 1536w, https:\/\/buenosvientos.com\/web\/wp-content\/uploads\/2023\/11\/HTD-jornadas-2-2048x996.png 2048w\" sizes=\"(max-width: 1024px) 100vw, 1024px\" \/><\/a><\/figure>\n\n\n\n<figure class=\"wp-block-image size-large\"><a href=\"https:\/\/buenosvientos.com\/web\/wp-content\/uploads\/2023\/11\/HTD-jornadas-3.png\"><img loading=\"lazy\" decoding=\"async\" width=\"1024\" height=\"498\" data-id=\"442\" src=\"https:\/\/buenosvientos.com\/web\/wp-content\/uploads\/2023\/11\/HTD-jornadas-3-1024x498.png\" alt=\"\" class=\"wp-image-442\" srcset=\"https:\/\/buenosvientos.com\/web\/wp-content\/uploads\/2023\/11\/HTD-jornadas-3-1024x498.png 1024w, https:\/\/buenosvientos.com\/web\/wp-content\/uploads\/2023\/11\/HTD-jornadas-3-300x146.png 300w, https:\/\/buenosvientos.com\/web\/wp-content\/uploads\/2023\/11\/HTD-jornadas-3-768x373.png 768w, https:\/\/buenosvientos.com\/web\/wp-content\/uploads\/2023\/11\/HTD-jornadas-3-1536x747.png 1536w, https:\/\/buenosvientos.com\/web\/wp-content\/uploads\/2023\/11\/HTD-jornadas-3-2048x996.png 2048w\" sizes=\"(max-width: 1024px) 100vw, 1024px\" \/><\/a><\/figure>\n\n\n\n<figure class=\"wp-block-image size-large\"><a href=\"https:\/\/buenosvientos.com\/web\/wp-content\/uploads\/2023\/11\/HTD-jornadas-8.png\"><img loading=\"lazy\" decoding=\"async\" width=\"1024\" height=\"498\" data-id=\"439\" src=\"https:\/\/buenosvientos.com\/web\/wp-content\/uploads\/2023\/11\/HTD-jornadas-8-1024x498.png\" alt=\"\" class=\"wp-image-439\" srcset=\"https:\/\/buenosvientos.com\/web\/wp-content\/uploads\/2023\/11\/HTD-jornadas-8-1024x498.png 1024w, https:\/\/buenosvientos.com\/web\/wp-content\/uploads\/2023\/11\/HTD-jornadas-8-300x146.png 300w, https:\/\/buenosvientos.com\/web\/wp-content\/uploads\/2023\/11\/HTD-jornadas-8-768x373.png 768w, https:\/\/buenosvientos.com\/web\/wp-content\/uploads\/2023\/11\/HTD-jornadas-8-1536x747.png 1536w, https:\/\/buenosvientos.com\/web\/wp-content\/uploads\/2023\/11\/HTD-jornadas-8-2048x996.png 2048w\" sizes=\"(max-width: 1024px) 100vw, 1024px\" \/><\/a><\/figure>\n\n\n\n<figure class=\"wp-block-image size-large\"><a href=\"https:\/\/buenosvientos.com\/web\/wp-content\/uploads\/2023\/11\/HTD-Caleta-Olivia-7.jpg\"><img loading=\"lazy\" decoding=\"async\" width=\"985\" height=\"704\" data-id=\"443\" src=\"https:\/\/buenosvientos.com\/web\/wp-content\/uploads\/2023\/11\/HTD-Caleta-Olivia-7.jpg\" alt=\"\" class=\"wp-image-443\" srcset=\"https:\/\/buenosvientos.com\/web\/wp-content\/uploads\/2023\/11\/HTD-Caleta-Olivia-7.jpg 985w, https:\/\/buenosvientos.com\/web\/wp-content\/uploads\/2023\/11\/HTD-Caleta-Olivia-7-300x214.jpg 300w, https:\/\/buenosvientos.com\/web\/wp-content\/uploads\/2023\/11\/HTD-Caleta-Olivia-7-768x549.jpg 768w\" sizes=\"(max-width: 985px) 100vw, 985px\" \/><\/a><\/figure>\n\n\n\n<figure class=\"wp-block-image size-large\"><a href=\"https:\/\/buenosvientos.com\/web\/wp-content\/uploads\/2023\/11\/HTD-Caleta-Olivia-11.jpg\"><img loading=\"lazy\" decoding=\"async\" width=\"1024\" height=\"461\" data-id=\"445\" src=\"https:\/\/buenosvientos.com\/web\/wp-content\/uploads\/2023\/11\/HTD-Caleta-Olivia-11-1024x461.jpg\" alt=\"\" class=\"wp-image-445\" srcset=\"https:\/\/buenosvientos.com\/web\/wp-content\/uploads\/2023\/11\/HTD-Caleta-Olivia-11-1024x461.jpg 1024w, https:\/\/buenosvientos.com\/web\/wp-content\/uploads\/2023\/11\/HTD-Caleta-Olivia-11-300x135.jpg 300w, https:\/\/buenosvientos.com\/web\/wp-content\/uploads\/2023\/11\/HTD-Caleta-Olivia-11-768x346.jpg 768w, https:\/\/buenosvientos.com\/web\/wp-content\/uploads\/2023\/11\/HTD-Caleta-Olivia-11.jpg 1080w\" sizes=\"(max-width: 1024px) 100vw, 1024px\" \/><\/a><\/figure>\n\n\n\n<figure class=\"wp-block-image size-large\"><a href=\"https:\/\/buenosvientos.com\/web\/wp-content\/uploads\/2023\/11\/HTD-Caleta-Olivia-1.jpg\"><img loading=\"lazy\" decoding=\"async\" width=\"1024\" height=\"1010\" data-id=\"447\" src=\"https:\/\/buenosvientos.com\/web\/wp-content\/uploads\/2023\/11\/HTD-Caleta-Olivia-1-1024x1010.jpg\" alt=\"\" class=\"wp-image-447\" srcset=\"https:\/\/buenosvientos.com\/web\/wp-content\/uploads\/2023\/11\/HTD-Caleta-Olivia-1-1024x1010.jpg 1024w, https:\/\/buenosvientos.com\/web\/wp-content\/uploads\/2023\/11\/HTD-Caleta-Olivia-1-300x296.jpg 300w, https:\/\/buenosvientos.com\/web\/wp-content\/uploads\/2023\/11\/HTD-Caleta-Olivia-1-768x757.jpg 768w, https:\/\/buenosvientos.com\/web\/wp-content\/uploads\/2023\/11\/HTD-Caleta-Olivia-1-50x50.jpg 50w, https:\/\/buenosvientos.com\/web\/wp-content\/uploads\/2023\/11\/HTD-Caleta-Olivia-1.jpg 1080w\" sizes=\"(max-width: 1024px) 100vw, 1024px\" \/><\/a><\/figure>\n\n\n\n<figure class=\"wp-block-image size-large\"><a href=\"https:\/\/buenosvientos.com\/web\/wp-content\/uploads\/2023\/11\/HTD-Caleta-Olivia-4.jpg\"><img loading=\"lazy\" decoding=\"async\" width=\"1024\" height=\"959\" data-id=\"446\" src=\"https:\/\/buenosvientos.com\/web\/wp-content\/uploads\/2023\/11\/HTD-Caleta-Olivia-4-1024x959.jpg\" alt=\"\" class=\"wp-image-446\" srcset=\"https:\/\/buenosvientos.com\/web\/wp-content\/uploads\/2023\/11\/HTD-Caleta-Olivia-4-1024x959.jpg 1024w, https:\/\/buenosvientos.com\/web\/wp-content\/uploads\/2023\/11\/HTD-Caleta-Olivia-4-300x281.jpg 300w, https:\/\/buenosvientos.com\/web\/wp-content\/uploads\/2023\/11\/HTD-Caleta-Olivia-4-768x719.jpg 768w, https:\/\/buenosvientos.com\/web\/wp-content\/uploads\/2023\/11\/HTD-Caleta-Olivia-4.jpg 1080w\" sizes=\"(max-width: 1024px) 100vw, 1024px\" \/><\/a><\/figure>\n\n\n\n<figure class=\"wp-block-image size-large\"><a href=\"https:\/\/buenosvientos.com\/web\/wp-content\/uploads\/2023\/11\/HTD-Caleta-Olivia-8.jpg\"><img loading=\"lazy\" decoding=\"async\" width=\"688\" height=\"636\" data-id=\"444\" src=\"https:\/\/buenosvientos.com\/web\/wp-content\/uploads\/2023\/11\/HTD-Caleta-Olivia-8.jpg\" alt=\"\" class=\"wp-image-444\" srcset=\"https:\/\/buenosvientos.com\/web\/wp-content\/uploads\/2023\/11\/HTD-Caleta-Olivia-8.jpg 688w, https:\/\/buenosvientos.com\/web\/wp-content\/uploads\/2023\/11\/HTD-Caleta-Olivia-8-300x277.jpg 300w\" sizes=\"(max-width: 688px) 100vw, 688px\" \/><\/a><\/figure>\n\n\n\n<figure class=\"wp-block-image size-large\"><a href=\"https:\/\/buenosvientos.com\/web\/wp-content\/uploads\/2023\/11\/DSC01957-scaled.jpg\"><img loading=\"lazy\" decoding=\"async\" width=\"1024\" height=\"683\" data-id=\"449\" src=\"https:\/\/buenosvientos.com\/web\/wp-content\/uploads\/2023\/11\/DSC01957-1024x683.jpg\" alt=\"\" class=\"wp-image-449\" srcset=\"https:\/\/buenosvientos.com\/web\/wp-content\/uploads\/2023\/11\/DSC01957-1024x683.jpg 1024w, https:\/\/buenosvientos.com\/web\/wp-content\/uploads\/2023\/11\/DSC01957-300x200.jpg 300w, https:\/\/buenosvientos.com\/web\/wp-content\/uploads\/2023\/11\/DSC01957-768x512.jpg 768w, https:\/\/buenosvientos.com\/web\/wp-content\/uploads\/2023\/11\/DSC01957-1536x1024.jpg 1536w, https:\/\/buenosvientos.com\/web\/wp-content\/uploads\/2023\/11\/DSC01957-2048x1365.jpg 2048w\" sizes=\"(max-width: 1024px) 100vw, 1024px\" \/><\/a><\/figure>\n\n\n\n<figure class=\"wp-block-image size-large\"><a href=\"https:\/\/buenosvientos.com\/web\/wp-content\/uploads\/2023\/11\/DSC01960-scaled.jpg\"><img loading=\"lazy\" decoding=\"async\" width=\"1024\" height=\"683\" data-id=\"450\" src=\"https:\/\/buenosvientos.com\/web\/wp-content\/uploads\/2023\/11\/DSC01960-1024x683.jpg\" alt=\"\" class=\"wp-image-450\" srcset=\"https:\/\/buenosvientos.com\/web\/wp-content\/uploads\/2023\/11\/DSC01960-1024x683.jpg 1024w, https:\/\/buenosvientos.com\/web\/wp-content\/uploads\/2023\/11\/DSC01960-300x200.jpg 300w, https:\/\/buenosvientos.com\/web\/wp-content\/uploads\/2023\/11\/DSC01960-768x512.jpg 768w, https:\/\/buenosvientos.com\/web\/wp-content\/uploads\/2023\/11\/DSC01960-1536x1024.jpg 1536w, https:\/\/buenosvientos.com\/web\/wp-content\/uploads\/2023\/11\/DSC01960-2048x1365.jpg 2048w\" sizes=\"(max-width: 1024px) 100vw, 1024px\" \/><\/a><\/figure>\n\n\n\n<figure class=\"wp-block-image size-large\"><a href=\"https:\/\/buenosvientos.com\/web\/wp-content\/uploads\/2023\/11\/DSC01963-scaled.jpg\"><img loading=\"lazy\" decoding=\"async\" width=\"1024\" height=\"683\" data-id=\"451\" src=\"https:\/\/buenosvientos.com\/web\/wp-content\/uploads\/2023\/11\/DSC01963-1024x683.jpg\" alt=\"\" class=\"wp-image-451\" srcset=\"https:\/\/buenosvientos.com\/web\/wp-content\/uploads\/2023\/11\/DSC01963-1024x683.jpg 1024w, https:\/\/buenosvientos.com\/web\/wp-content\/uploads\/2023\/11\/DSC01963-300x200.jpg 300w, https:\/\/buenosvientos.com\/web\/wp-content\/uploads\/2023\/11\/DSC01963-768x512.jpg 768w, https:\/\/buenosvientos.com\/web\/wp-content\/uploads\/2023\/11\/DSC01963-1536x1024.jpg 1536w, https:\/\/buenosvientos.com\/web\/wp-content\/uploads\/2023\/11\/DSC01963-2048x1365.jpg 2048w\" sizes=\"(max-width: 1024px) 100vw, 1024px\" \/><\/a><\/figure>\n\n\n\n<figure class=\"wp-block-image size-large\"><a href=\"https:\/\/buenosvientos.com\/web\/wp-content\/uploads\/2023\/11\/DSC02005-scaled.jpg\"><img loading=\"lazy\" decoding=\"async\" width=\"1024\" height=\"683\" data-id=\"452\" src=\"https:\/\/buenosvientos.com\/web\/wp-content\/uploads\/2023\/11\/DSC02005-1024x683.jpg\" alt=\"\" class=\"wp-image-452\" srcset=\"https:\/\/buenosvientos.com\/web\/wp-content\/uploads\/2023\/11\/DSC02005-1024x683.jpg 1024w, https:\/\/buenosvientos.com\/web\/wp-content\/uploads\/2023\/11\/DSC02005-300x200.jpg 300w, https:\/\/buenosvientos.com\/web\/wp-content\/uploads\/2023\/11\/DSC02005-768x512.jpg 768w, https:\/\/buenosvientos.com\/web\/wp-content\/uploads\/2023\/11\/DSC02005-1536x1024.jpg 1536w, https:\/\/buenosvientos.com\/web\/wp-content\/uploads\/2023\/11\/DSC02005-2048x1365.jpg 2048w\" sizes=\"(max-width: 1024px) 100vw, 1024px\" \/><\/a><\/figure>\n<\/figure>\n","protected":false},"excerpt":{"rendered":"","protected":false},"author":2,"featured_media":28,"parent":0,"menu_order":0,"comment_status":"closed","ping_status":"closed","template":"page-servicios","meta":{"footnotes":""},"class_list":["post-111","page","type-page","status-publish","has-post-thumbnail","hentry"],"_links":{"self":[{"href":"https:\/\/buenosvientos.com\/web\/wp-json\/wp\/v2\/pages\/111","targetHints":{"allow":["GET"]}}],"collection":[{"href":"https:\/\/buenosvientos.com\/web\/wp-json\/wp\/v2\/pages"}],"about":[{"href":"https:\/\/buenosvientos.com\/web\/wp-json\/wp\/v2\/types\/page"}],"author":[{"embeddable":true,"href":"https:\/\/buenosvientos.com\/web\/wp-json\/wp\/v2\/users\/2"}],"replies":[{"embeddable":true,"href":"https:\/\/buenosvientos.com\/web\/wp-json\/wp\/v2\/comments?post=111"}],"version-history":[{"count":3,"href":"https:\/\/buenosvientos.com\/web\/wp-json\/wp\/v2\/pages\/111\/revisions"}],"predecessor-version":[{"id":453,"href":"https:\/\/buenosvientos.com\/web\/wp-json\/wp\/v2\/pages\/111\/revisions\/453"}],"wp:featuredmedia":[{"embeddable":true,"href":"https:\/\/buenosvientos.com\/web\/wp-json\/wp\/v2\/media\/28"}],"wp:attachment":[{"href":"https:\/\/buenosvientos.com\/web\/wp-json\/wp\/v2\/media?parent=111"}],"curies":[{"name":"wp","href":"https:\/\/api.w.org\/{rel}","templated":true}]}}