{"id":2,"date":"2013-11-06T11:55:36","date_gmt":"2013-11-06T11:55:36","guid":{"rendered":"https:\/\/buenosvientos.com\/web\/?page_id=2"},"modified":"2023-11-05T19:48:51","modified_gmt":"2023-11-05T22:48:51","slug":"mildias","status":"publish","type":"page","link":"https:\/\/buenosvientos.com\/web\/mildias\/","title":{"rendered":"El comienzo de la vida"},"content":{"rendered":"\n<div class=\"wp-block-media-text alignwide is-stacked-on-mobile is-vertically-aligned-top has-background\" style=\"background-color:#121212cf;padding-top:var(--wp--preset--spacing--20);padding-right:var(--wp--preset--spacing--20);padding-bottom:var(--wp--preset--spacing--20);padding-left:var(--wp--preset--spacing--20);grid-template-columns:32% auto\"><figure class=\"wp-block-media-text__media\"><img decoding=\"async\" width=\"150\" height=\"150\" src=\"https:\/\/buenosvientos.com\/web\/wp-content\/uploads\/2023\/10\/mildias-150x150-1.jpg\" alt=\"\" class=\"wp-image-140 size-full\" srcset=\"https:\/\/buenosvientos.com\/web\/wp-content\/uploads\/2023\/10\/mildias-150x150-1.jpg 150w, https:\/\/buenosvientos.com\/web\/wp-content\/uploads\/2023\/10\/mildias-150x150-1-50x50.jpg 50w\" sizes=\"(max-width: 150px) 100vw, 150px\" \/><\/figure><div class=\"wp-block-media-text__content\">\n<p>Documental \/ 90 minutos<br>A\u00f1o: 2016<br>Direcci\u00f3n: <strong>Estela Renner<\/strong><br>Casa Productora: <strong>Maria Farinha Filmes<\/strong>.<br>Servicio de producci\u00f3n en Argentina<br><strong>Buenos Vientos Producciones<br><\/strong><\/p>\n\n\n\n<p><strong>SINOPSIS<\/strong><br><\/p>\n\n\n\n<p><em><strong>El comienzo de la vida<\/strong><\/em>, un innovador largometraje documental que explora las repercusiones que tiene el entorno temprano del ni\u00f1o sobre su desarrollo cognitivo, social y emocional, se proyectar\u00e1 en todo el mundo en Netflix, iTunes y Google Play el 1 de junio de 2016.<br><br>Filmado en Argentina, Brasil, Canad\u00e1, China, Estados Unidos, Francia, Italia y Kenya,&nbsp;<em>El comienzo de la vida<\/em>&nbsp;documenta los primeros a\u00f1os de la vida de una serie de ni\u00f1os y ni\u00f1as, y de sus familias, y presenta entrevistas con especialistas en el campo del desarrollo en la primera infancia.<\/p>\n<\/div><\/div>\n\n\n\n<hr class=\"wp-block-separator alignwide has-alpha-channel-opacity is-style-wide\"\/>\n\n\n\n<h4 class=\"wp-block-heading has-text-align-center\">TRAILER CON SUBT\u00cdTULOS EN ESPA\u00d1OL<\/h4>\n\n\n\n<figure class=\"wp-block-embed alignwide is-type-video is-provider-youtube wp-block-embed-youtube wp-embed-aspect-16-9 wp-has-aspect-ratio\"><div class=\"wp-block-embed__wrapper\">\n<iframe title=\"El Comienzo de la Vida - Trailer Oficial (subt\u00edtulos espa\u00f1ol)\" width=\"500\" height=\"281\" src=\"https:\/\/www.youtube.com\/embed\/0OCT6rh3WQs?feature=oembed\" frameborder=\"0\" allow=\"accelerometer; autoplay; clipboard-write; encrypted-media; gyroscope; picture-in-picture; web-share\" referrerpolicy=\"strict-origin-when-cross-origin\" allowfullscreen><\/iframe>\n<\/div><\/figure>\n","protected":false},"excerpt":{"rendered":"<p>Documental \/ 90 minutosA\u00f1o: 2016Direcci\u00f3n: Estela RennerCasa Productora: Maria Farinha Filmes.Servicio de producci\u00f3n en ArgentinaBuenos [&hellip;]<\/p>\n","protected":false},"author":2,"featured_media":15,"parent":0,"menu_order":0,"comment_status":"open","ping_status":"open","template":"page-servicios","meta":{"footnotes":""},"class_list":["post-2","page","type-page","status-publish","has-post-thumbnail","hentry"],"_links":{"self":[{"href":"https:\/\/buenosvientos.com\/web\/wp-json\/wp\/v2\/pages\/2","targetHints":{"allow":["GET"]}}],"collection":[{"href":"https:\/\/buenosvientos.com\/web\/wp-json\/wp\/v2\/pages"}],"about":[{"href":"https:\/\/buenosvientos.com\/web\/wp-json\/wp\/v2\/types\/page"}],"author":[{"embeddable":true,"href":"https:\/\/buenosvientos.com\/web\/wp-json\/wp\/v2\/users\/2"}],"replies":[{"embeddable":true,"href":"https:\/\/buenosvientos.com\/web\/wp-json\/wp\/v2\/comments?post=2"}],"version-history":[{"count":6,"href":"https:\/\/buenosvientos.com\/web\/wp-json\/wp\/v2\/pages\/2\/revisions"}],"predecessor-version":[{"id":503,"href":"https:\/\/buenosvientos.com\/web\/wp-json\/wp\/v2\/pages\/2\/revisions\/503"}],"wp:featuredmedia":[{"embeddable":true,"href":"https:\/\/buenosvientos.com\/web\/wp-json\/wp\/v2\/media\/15"}],"wp:attachment":[{"href":"https:\/\/buenosvientos.com\/web\/wp-json\/wp\/v2\/media?parent=2"}],"curies":[{"name":"wp","href":"https:\/\/api.w.org\/{rel}","templated":true}]}}