{"id":264,"date":"2023-10-29T23:49:33","date_gmt":"2023-10-30T02:49:33","guid":{"rendered":"https:\/\/buenosvientos.com\/web\/?page_id=264"},"modified":"2023-11-01T16:16:39","modified_gmt":"2023-11-01T19:16:39","slug":"papillon","status":"publish","type":"page","link":"https:\/\/buenosvientos.com\/web\/papillon\/","title":{"rendered":"Papillon"},"content":{"rendered":"\n<p>Estamos restableciendo nuestros servidores luego de un ciberataque que borr\u00f3 gran parte de nuestro trabajo. Muy pronto tendr\u00e1s aqu\u00ed toda la informaci\u00f3n de esta producci\u00f3n.<\/p>\n\n\n\n<p>Te invitamos a visitar este sitio en unos d\u00edas.<br>Gracias por tu comprensi\u00f3n<\/p>\n","protected":false},"excerpt":{"rendered":"<p>Estamos restableciendo nuestros servidores luego de un ciberataque que borr\u00f3 gran parte de nuestro trabajo. [&hellip;]<\/p>\n","protected":false},"author":2,"featured_media":0,"parent":0,"menu_order":0,"comment_status":"closed","ping_status":"closed","template":"page-escenias","meta":{"footnotes":""},"class_list":["post-264","page","type-page","status-publish","hentry"],"_links":{"self":[{"href":"https:\/\/buenosvientos.com\/web\/wp-json\/wp\/v2\/pages\/264","targetHints":{"allow":["GET"]}}],"collection":[{"href":"https:\/\/buenosvientos.com\/web\/wp-json\/wp\/v2\/pages"}],"about":[{"href":"https:\/\/buenosvientos.com\/web\/wp-json\/wp\/v2\/types\/page"}],"author":[{"embeddable":true,"href":"https:\/\/buenosvientos.com\/web\/wp-json\/wp\/v2\/users\/2"}],"replies":[{"embeddable":true,"href":"https:\/\/buenosvientos.com\/web\/wp-json\/wp\/v2\/comments?post=264"}],"version-history":[{"count":2,"href":"https:\/\/buenosvientos.com\/web\/wp-json\/wp\/v2\/pages\/264\/revisions"}],"predecessor-version":[{"id":348,"href":"https:\/\/buenosvientos.com\/web\/wp-json\/wp\/v2\/pages\/264\/revisions\/348"}],"wp:attachment":[{"href":"https:\/\/buenosvientos.com\/web\/wp-json\/wp\/v2\/media?parent=264"}],"curies":[{"name":"wp","href":"https:\/\/api.w.org\/{rel}","templated":true}]}}