{"id":352,"date":"2023-11-01T16:28:43","date_gmt":"2023-11-01T19:28:43","guid":{"rendered":"https:\/\/buenosvientos.com\/web\/?page_id=352"},"modified":"2024-07-22T00:17:52","modified_gmt":"2024-07-22T03:17:52","slug":"400-razones","status":"publish","type":"page","link":"https:\/\/buenosvientos.com\/web\/400-razones\/","title":{"rendered":"400 Razones"},"content":{"rendered":"\n<div class=\"wp-block-media-text alignwide is-stacked-on-mobile is-vertically-aligned-top\" style=\"padding-top:var(--wp--preset--spacing--30);padding-right:var(--wp--preset--spacing--30);padding-bottom:var(--wp--preset--spacing--30);padding-left:var(--wp--preset--spacing--30);grid-template-columns:38% auto\"><figure class=\"wp-block-media-text__media\"><img fetchpriority=\"high\" decoding=\"async\" width=\"400\" height=\"489\" src=\"https:\/\/buenosvientos.com\/web\/wp-content\/uploads\/2023\/10\/400razones.jpg\" alt=\"\" class=\"wp-image-196 size-full\" srcset=\"https:\/\/buenosvientos.com\/web\/wp-content\/uploads\/2023\/10\/400razones.jpg 400w, https:\/\/buenosvientos.com\/web\/wp-content\/uploads\/2023\/10\/400razones-245x300.jpg 245w\" sizes=\"(max-width: 400px) 100vw, 400px\" \/><\/figure><div class=\"wp-block-media-text__content\">\n<p>Miniserie de ficci\u00f3n participante de los concursos INCAA 2010.<br><br>Sinopsis:<br>Luc\u00eda es una mujer casada con un hijo peque\u00f1o, proviene de una familia sin sobresaltos ni grandes complicaciones.  Su vida transcurre normalmente hasta que descubre, entre los art\u00edculos de una investigaci\u00f3n que su marido hace para un libro sobre la historia reciente del pa\u00eds, una foto que la inquieta.  <br><br>Este descubrimiento ser\u00e1 la punta de un viaje personal que pone al descubierto una trama de secretos guardados por muchos a\u00f1os y la lleva a conocer su verdadera historia.<\/p>\n\n\n\n<p>Triller\/road movie<br>13 x 26&#8242;<br> <br><\/p>\n<\/div><\/div>\n","protected":false},"excerpt":{"rendered":"<p>Miniserie de ficci\u00f3n participante de los concursos INCAA 2010. Sinopsis:Luc\u00eda es una mujer casada con [&hellip;]<\/p>\n","protected":false},"author":2,"featured_media":0,"parent":0,"menu_order":0,"comment_status":"closed","ping_status":"closed","template":"","meta":{"footnotes":""},"class_list":["post-352","page","type-page","status-publish","hentry"],"_links":{"self":[{"href":"https:\/\/buenosvientos.com\/web\/wp-json\/wp\/v2\/pages\/352","targetHints":{"allow":["GET"]}}],"collection":[{"href":"https:\/\/buenosvientos.com\/web\/wp-json\/wp\/v2\/pages"}],"about":[{"href":"https:\/\/buenosvientos.com\/web\/wp-json\/wp\/v2\/types\/page"}],"author":[{"embeddable":true,"href":"https:\/\/buenosvientos.com\/web\/wp-json\/wp\/v2\/users\/2"}],"replies":[{"embeddable":true,"href":"https:\/\/buenosvientos.com\/web\/wp-json\/wp\/v2\/comments?post=352"}],"version-history":[{"count":2,"href":"https:\/\/buenosvientos.com\/web\/wp-json\/wp\/v2\/pages\/352\/revisions"}],"predecessor-version":[{"id":549,"href":"https:\/\/buenosvientos.com\/web\/wp-json\/wp\/v2\/pages\/352\/revisions\/549"}],"wp:attachment":[{"href":"https:\/\/buenosvientos.com\/web\/wp-json\/wp\/v2\/media?parent=352"}],"curies":[{"name":"wp","href":"https:\/\/api.w.org\/{rel}","templated":true}]}}