{"id":523,"date":"2024-07-11T02:31:22","date_gmt":"2024-07-11T05:31:22","guid":{"rendered":"https:\/\/buenosvientos.com\/web\/?page_id=523"},"modified":"2024-07-11T03:05:08","modified_gmt":"2024-07-11T06:05:08","slug":"bvp","status":"publish","type":"page","link":"https:\/\/buenosvientos.com\/web\/bvp\/","title":{"rendered":"Buenos Vientos Producciones"},"content":{"rendered":"\n<div class=\"wp-block-columns is-layout-flex wp-container-core-columns-is-layout-28f84493 wp-block-columns-is-layout-flex\">\n<div class=\"wp-block-column is-vertically-aligned-stretch is-layout-flow wp-block-column-is-layout-flow\">\n<h4 class=\"wp-block-heading\">QUIENES SOMOS<\/h4>\n\n\n\n<div class=\"wp-block-columns is-layout-flex wp-container-core-columns-is-layout-28f84493 wp-block-columns-is-layout-flex\">\n<div class=\"wp-block-column is-layout-flow wp-block-column-is-layout-flow\"><\/div>\n\n\n\n<div class=\"wp-block-column is-layout-flow wp-block-column-is-layout-flow\"><\/div>\n\n\n\n<div class=\"wp-block-column is-layout-flow wp-block-column-is-layout-flow\"><\/div>\n<\/div>\n<\/div>\n<\/div>\n\n\n\n<hr class=\"wp-block-separator has-text-color has-background-color has-alpha-channel-opacity has-background-background-color has-background is-style-wide\" style=\"margin-top:0;margin-bottom:0\"\/>\n\n\n\n<div class=\"wp-block-columns alignwide is-layout-flex wp-container-core-columns-is-layout-c6a03c77 wp-block-columns-is-layout-flex\" style=\"padding-right:var(--wp--preset--spacing--80);padding-left:var(--wp--preset--spacing--80)\">\n<div class=\"wp-block-column is-layout-flow wp-block-column-is-layout-flow\">\n<div class=\"wp-block-columns has-background is-layout-flex wp-container-core-columns-is-layout-28f84493 wp-block-columns-is-layout-flex\" style=\"background-color:#181212\">\n<div class=\"wp-block-column is-layout-flow wp-block-column-is-layout-flow\" style=\"flex-basis:5%\"><\/div>\n\n\n\n<div class=\"wp-block-column is-layout-flow wp-block-column-is-layout-flow\" style=\"flex-basis:30%\">\n<figure class=\"wp-block-image alignright size-large is-resized\"><a href=\"https:\/\/buenosvientos.com\/web\/wp-content\/uploads\/2024\/07\/RKN1009-scaled.jpg\"><img fetchpriority=\"high\" decoding=\"async\" width=\"683\" height=\"1024\" src=\"https:\/\/buenosvientos.com\/web\/wp-content\/uploads\/2024\/07\/RKN1009-683x1024.jpg\" alt=\"\" class=\"wp-image-524\" style=\"width:229px;height:auto\" srcset=\"https:\/\/buenosvientos.com\/web\/wp-content\/uploads\/2024\/07\/RKN1009-683x1024.jpg 683w, https:\/\/buenosvientos.com\/web\/wp-content\/uploads\/2024\/07\/RKN1009-200x300.jpg 200w, https:\/\/buenosvientos.com\/web\/wp-content\/uploads\/2024\/07\/RKN1009-768x1152.jpg 768w, https:\/\/buenosvientos.com\/web\/wp-content\/uploads\/2024\/07\/RKN1009-1024x1536.jpg 1024w, https:\/\/buenosvientos.com\/web\/wp-content\/uploads\/2024\/07\/RKN1009-1365x2048.jpg 1365w, https:\/\/buenosvientos.com\/web\/wp-content\/uploads\/2024\/07\/RKN1009-scaled.jpg 1707w\" sizes=\"(max-width: 683px) 100vw, 683px\" \/><\/a><\/figure>\n<\/div>\n\n\n\n<div class=\"wp-block-column is-layout-flow wp-block-column-is-layout-flow\" style=\"flex-basis:30%\">\n<figure class=\"wp-block-image aligncenter size-large is-resized\"><a href=\"https:\/\/buenosvientos.com\/web\/wp-content\/uploads\/2024\/07\/RKN7099-scaled.jpg\"><img decoding=\"async\" width=\"683\" height=\"1024\" src=\"https:\/\/buenosvientos.com\/web\/wp-content\/uploads\/2024\/07\/RKN7099-683x1024.jpg\" alt=\"\" class=\"wp-image-525\" style=\"width:233px;height:auto\" srcset=\"https:\/\/buenosvientos.com\/web\/wp-content\/uploads\/2024\/07\/RKN7099-683x1024.jpg 683w, https:\/\/buenosvientos.com\/web\/wp-content\/uploads\/2024\/07\/RKN7099-200x300.jpg 200w, https:\/\/buenosvientos.com\/web\/wp-content\/uploads\/2024\/07\/RKN7099-768x1152.jpg 768w, https:\/\/buenosvientos.com\/web\/wp-content\/uploads\/2024\/07\/RKN7099-1024x1536.jpg 1024w, https:\/\/buenosvientos.com\/web\/wp-content\/uploads\/2024\/07\/RKN7099-1365x2048.jpg 1365w, https:\/\/buenosvientos.com\/web\/wp-content\/uploads\/2024\/07\/RKN7099-scaled.jpg 1707w\" sizes=\"(max-width: 683px) 100vw, 683px\" \/><\/a><\/figure>\n<\/div>\n\n\n\n<div class=\"wp-block-column is-layout-flow wp-block-column-is-layout-flow\" style=\"flex-basis:30%\">\n<figure class=\"wp-block-image alignleft size-full is-resized\"><a href=\"https:\/\/buenosvientos.com\/web\/wp-content\/uploads\/2024\/07\/roberto-1.png\"><img decoding=\"async\" width=\"248\" height=\"380\" src=\"https:\/\/buenosvientos.com\/web\/wp-content\/uploads\/2024\/07\/roberto-1.png\" alt=\"\" class=\"wp-image-528\" style=\"width:227px;height:auto\" srcset=\"https:\/\/buenosvientos.com\/web\/wp-content\/uploads\/2024\/07\/roberto-1.png 248w, https:\/\/buenosvientos.com\/web\/wp-content\/uploads\/2024\/07\/roberto-1-196x300.png 196w\" sizes=\"(max-width: 248px) 100vw, 248px\" \/><\/a><\/figure>\n<\/div>\n\n\n\n<div class=\"wp-block-column is-layout-flow wp-block-column-is-layout-flow\" style=\"flex-basis:5%\"><\/div>\n<\/div>\n\n\n\n<div class=\"wp-block-columns has-background is-layout-flex wp-container-core-columns-is-layout-28f84493 wp-block-columns-is-layout-flex\" style=\"background-color:#0c0b0b\">\n<div class=\"wp-block-column is-layout-flow wp-block-column-is-layout-flow\" style=\"flex-basis:5%\"><\/div>\n\n\n\n<div class=\"wp-block-column is-layout-flow wp-block-column-is-layout-flow\" style=\"flex-basis:30%\">\n<p class=\"has-text-align-center\"><strong>Daniel Cinelli<\/strong><\/p>\n\n\n\n<p class=\"has-text-align-center\" style=\"font-size:14px\">Director, productor, guionista,<br>dramaturgo, actor y docente.<\/p>\n<\/div>\n\n\n\n<div class=\"wp-block-column is-layout-flow wp-block-column-is-layout-flow\" style=\"flex-basis:30%\">\n<p class=\"has-text-align-center\"><strong>Cynthia Babiacki Berguer<\/strong><\/p>\n\n\n\n<p class=\"has-text-align-center\" style=\"font-size:14px\">Productora, realizadora audiovisual<\/p>\n<\/div>\n\n\n\n<div class=\"wp-block-column is-layout-flow wp-block-column-is-layout-flow\" style=\"flex-basis:30%\">\n<p class=\"has-text-align-center\"><strong>Roberto Brandana<\/strong><\/p>\n\n\n\n<p class=\"has-text-align-center\" style=\"font-size:14px\">Director, productor, guionista.<\/p>\n<\/div>\n\n\n\n<div class=\"wp-block-column is-layout-flow wp-block-column-is-layout-flow\" style=\"flex-basis:5%\"><\/div>\n<\/div>\n<\/div>\n<\/div>\n\n\n\n<hr class=\"wp-block-separator has-text-color has-background-color has-alpha-channel-opacity has-background-background-color has-background is-style-wide\"\/>\n\n\n\n<h4 class=\"wp-block-heading alignwide has-text-align-center\">HISTORIA<\/h4>\n\n\n\n<div class=\"wp-block-columns alignwide is-layout-flex wp-container-core-columns-is-layout-28f84493 wp-block-columns-is-layout-flex\">\n<div class=\"wp-block-column is-layout-flow wp-block-column-is-layout-flow\">\n<p class=\"has-text-align-left\" style=\"margin-right:var(--wp--preset--spacing--80);margin-left:var(--wp--preset--spacing--80);font-size:16px\">Buenos Vientos nace en 1996 como compa\u00f1\u00eda teatral dirigida por Daniel Cinelli. En 1998 recibe reconocimientos de Ministerio de Cultura de la Naci\u00f3n y de la Ciudad de Buenos Aires por su labor en la difusi\u00f3n de la cultura en el \u00e1mbito educativo en todo el pa\u00eds. Hasta el momento produjo espect\u00e1culos teatrales tanto en circuitos comerciales como en el \u00e1mbito oficial e independiente.<br><br>En 2002 se incorpora Cynthia Babiacki Berguer y en los pr\u00f3ximos a\u00f1os Buenos Vientos comienza a brindar servicios de producci\u00f3n y realizaci\u00f3n para empresas de Argentina y del exterior.<br><br>En 2005 se une Roberto Brandana y la empresa define su perfil, dando principal atenci\u00f3n a la producci\u00f3n audiovisual con proyectos propios, brindando soporte a terceros y realizando servicios de producci\u00f3n a empresas.<br><br>Entre las realizaciones de esta etapa se encuentran \u00ab<strong>La resistencia<\/strong>\u00bb (cine documental), \u00ab<strong>Cien a\u00f1os<\/strong>\u00bb (cine docuficci\u00f3n), \u00ab<strong>Red de vida<\/strong>\u00bb miniserie domental-ambiental para Secretar\u00eda de Ambiente y el PNUD,  \u00ab<strong>Resistencia a desaparecer<\/strong>\u00bb (documental), \u00ab<strong>El asesor<\/strong>\u00bb (thriller pol\u00edtico-policial) miniserie ganadora de los concursos INCAA para productoras con antecedentes y \u00ab<strong>Glaciares, huellas del tiempo<\/strong>\u00bb (documental para TV) obra ganadora de los concursos Renacer Audiovisual 2022. <\/p>\n<\/div>\n<\/div>\n","protected":false},"excerpt":{"rendered":"<p>QUIENES SOMOS Daniel Cinelli Director, productor, guionista,dramaturgo, actor y docente. Cynthia Babiacki Berguer Productora, realizadora [&hellip;]<\/p>\n","protected":false},"author":2,"featured_media":0,"parent":0,"menu_order":0,"comment_status":"closed","ping_status":"closed","template":"","meta":{"footnotes":""},"class_list":["post-523","page","type-page","status-publish","hentry"],"_links":{"self":[{"href":"https:\/\/buenosvientos.com\/web\/wp-json\/wp\/v2\/pages\/523","targetHints":{"allow":["GET"]}}],"collection":[{"href":"https:\/\/buenosvientos.com\/web\/wp-json\/wp\/v2\/pages"}],"about":[{"href":"https:\/\/buenosvientos.com\/web\/wp-json\/wp\/v2\/types\/page"}],"author":[{"embeddable":true,"href":"https:\/\/buenosvientos.com\/web\/wp-json\/wp\/v2\/users\/2"}],"replies":[{"embeddable":true,"href":"https:\/\/buenosvientos.com\/web\/wp-json\/wp\/v2\/comments?post=523"}],"version-history":[{"count":3,"href":"https:\/\/buenosvientos.com\/web\/wp-json\/wp\/v2\/pages\/523\/revisions"}],"predecessor-version":[{"id":539,"href":"https:\/\/buenosvientos.com\/web\/wp-json\/wp\/v2\/pages\/523\/revisions\/539"}],"wp:attachment":[{"href":"https:\/\/buenosvientos.com\/web\/wp-json\/wp\/v2\/media?parent=523"}],"curies":[{"name":"wp","href":"https:\/\/api.w.org\/{rel}","templated":true}]}}